{"id":3764,"date":"2021-01-31T17:20:35","date_gmt":"2021-01-31T17:20:35","guid":{"rendered":"https:\/\/cryberit.com\/?page_id=3764"},"modified":"2022-09-04T12:22:03","modified_gmt":"2022-09-04T12:22:03","slug":"tehtud-tood","status":"publish","type":"page","link":"https:\/\/cryberit.com\/en\/tehtud-tood","title":{"rendered":"Tehtud t\u00f6\u00f6d"},"content":{"rendered":"<p>[et_pb_section fb_built=&#8221;1&#8243; custom_padding_last_edited=&#8221;on|tablet&#8221; admin_label=&#8221;Hero Section&#8221; _builder_version=&#8221;4.16&#8243; use_background_color_gradient=&#8221;on&#8221; background_color_gradient_stops=&#8221;#ffffff 50%|rgba(0,0,0,0.05) 75%&#8221; background_color_gradient_start=&#8221;#ffffff&#8221; background_color_gradient_start_position=&#8221;50%&#8221; background_color_gradient_end=&#8221;rgba(0,0,0,0.05)&#8221; background_color_gradient_end_position=&#8221;75%&#8221; background_enable_image=&#8221;off&#8221; background_size=&#8221;contain&#8221; max_width=&#8221;80%&#8221; max_width_tablet=&#8221;&#8221; max_width_phone=&#8221;100%&#8221; max_width_last_edited=&#8221;on|phone&#8221; module_alignment=&#8221;center&#8221; height_tablet=&#8221;&#8221; height_phone=&#8221;453px&#8221; height_last_edited=&#8221;on|phone&#8221; custom_padding=&#8221;43px|0px|79px|0px||&#8221; custom_padding_tablet=&#8221;|||&#8221; custom_padding_phone=&#8221;|||&#8221; top_divider_color=&#8221;rgba(0,0,0,0.02)&#8221; top_divider_height=&#8221;90px&#8221; top_divider_repeat=&#8221;0x&#8221; top_divider_flip=&#8221;horizontal&#8221; bottom_divider_color=&#8221;#ffffff&#8221; bottom_divider_height=&#8221;178px&#8221; bottom_divider_repeat=&#8221;0x&#8221; bottom_divider_flip=&#8221;vertical&#8221; background_color_phone=&#8221;#ffffff&#8221; background_last_edited=&#8221;on|desktop&#8221; background_enable_color_phone=&#8221;on&#8221; use_background_color_gradient_phone=&#8221;off&#8221; background_size_phone=&#8221;cover&#8221; background_blend_phone=&#8221;screen&#8221; global_colors_info=&#8221;{}&#8221;][et_pb_row column_structure=&#8221;1_2,1_2&#8243; use_custom_gutter=&#8221;on&#8221; custom_padding_last_edited=&#8221;on|phone&#8221; _builder_version=&#8221;4.16&#8243; width_tablet=&#8221;&#8221; width_phone=&#8221;100%&#8221; width_last_edited=&#8221;on|phone&#8221; custom_margin_tablet=&#8221;&#8221; custom_margin_phone=&#8221;&#8221; custom_margin_last_edited=&#8221;on|phone&#8221; custom_padding=&#8221;80px||0px|||&#8221; custom_padding_tablet=&#8221;&#8221; custom_padding_phone=&#8221;27px||0px||false|false&#8221; animation_style=&#8221;slide&#8221; animation_direction=&#8221;bottom&#8221; animation_intensity_slide=&#8221;10%&#8221; global_colors_info=&#8221;{}&#8221;][et_pb_column type=&#8221;1_2&#8243; _builder_version=&#8221;4.16&#8243; custom_padding=&#8221;|||&#8221; global_colors_info=&#8221;{}&#8221; custom_padding__hover=&#8221;|||&#8221;][et_pb_text _builder_version=&#8221;4.16&#8243; _module_preset=&#8221;default&#8221; text_font=&#8221;Montserrat||||||||&#8221; text_font_size=&#8221;16px&#8221; text_line_height=&#8221;1.8em&#8221; header_font=&#8221;Montserrat|700|||||||&#8221; custom_margin=&#8221;71px||||false|false&#8221; header_text_align_tablet=&#8221;&#8221; header_text_align_phone=&#8221;center&#8221; header_text_align_last_edited=&#8221;on|phone&#8221; text_orientation_tablet=&#8221;&#8221; text_orientation_phone=&#8221;center&#8221; text_orientation_last_edited=&#8221;on|phone&#8221; global_colors_info=&#8221;{}&#8221;]<\/p>\n<h1>Tutvu meie tehtud t\u00f6\u00f6dega <\/h1>\n<p>M\u00f5ningad n\u00e4ited CryberITi loodud projektidest.<\/p>\n<p>[\/et_pb_text][et_pb_button button_url=&#8221;https:\/\/cryberit.com\/portfoolio&#8221; button_text=&#8221;Portfoolio&#8221; button_alignment_tablet=&#8221;center&#8221; button_alignment_phone=&#8221;center&#8221; button_alignment_last_edited=&#8221;on|phone&#8221; _builder_version=&#8221;4.16&#8243; custom_button=&#8221;on&#8221; button_text_size=&#8221;21px&#8221; button_text_color=&#8221;#ffffff&#8221; button_bg_color=&#8221;#2183e4&#8243; button_bg_color_gradient_stops=&#8221;#0054a7 0%|rgba(45,216,162,0) 100%&#8221; button_bg_color_gradient_start=&#8221;#0054a7&#8243; button_bg_color_gradient_end=&#8221;rgba(45,216,162,0)&#8221; button_use_icon=&#8221;off&#8221; global_colors_info=&#8221;{}&#8221; button_bg_color__hover_enabled=&#8221;on|hover&#8221; button_bg_color__hover=&#8221;#000000&#8243; button_bg_enable_color__hover=&#8221;on&#8221; button_icon_color__hover_enabled=&#8221;on|hover&#8221; button_icon_color__hover=&#8221;#ffffff&#8221; button_text_color__hover_enabled=&#8221;on|hover&#8221; button_text_color__hover=&#8221;#ffffff&#8221;][\/et_pb_button][\/et_pb_column][et_pb_column type=&#8221;1_2&#8243; _builder_version=&#8221;4.16&#8243; global_colors_info=&#8221;{}&#8221;][et_pb_image src=&#8221;https:\/\/cryberit.com\/wp-content\/uploads\/2020\/08\/CryberIT-e-kaupluse-tegemine.png&#8221; align_tablet=&#8221;left&#8221; align_phone=&#8221;center&#8221; align_last_edited=&#8221;on|phone&#8221; _builder_version=&#8221;4.16&#8243; width=&#8221;132%&#8221; width_tablet=&#8221;&#8221; width_phone=&#8221;100%&#8221; width_last_edited=&#8221;on|phone&#8221; max_width_tablet=&#8221;&#8221; max_width_phone=&#8221;&#8221; max_width_last_edited=&#8221;on|phone&#8221; custom_margin=&#8221;-55px|6px||44px|false|false&#8221; custom_margin_tablet=&#8221;-15px|||-98px|false|false&#8221; custom_margin_phone=&#8221;-6px|0px||0px|false|false&#8221; custom_margin_last_edited=&#8221;on|phone&#8221; custom_padding=&#8221;5px|32px|0px|72px||&#8221; custom_padding_tablet=&#8221;&#8221; custom_padding_phone=&#8221;0px|0px||0px|false|false&#8221; custom_padding_last_edited=&#8221;on|phone&#8221; background_last_edited=&#8221;on|phone&#8221; background_enable_color_phone=&#8221;off&#8221; module_alignment_tablet=&#8221;left&#8221; module_alignment_phone=&#8221;center&#8221; module_alignment_last_edited=&#8221;on|phone&#8221; box_shadow_style=&#8221;preset2&#8243; box_shadow_vertical_tablet=&#8221;&#8221; box_shadow_vertical_phone=&#8221;16px&#8221; box_shadow_vertical_last_edited=&#8221;on|phone&#8221; global_colors_info=&#8221;{}&#8221;][\/et_pb_image][\/et_pb_column][\/et_pb_row][\/et_pb_section][et_pb_section fb_built=&#8221;1&#8243; module_id=&#8221;portfoolio&#8221; _builder_version=&#8221;4.16&#8243; _module_preset=&#8221;default&#8221; global_colors_info=&#8221;{}&#8221;][et_pb_row column_structure=&#8221;1_3,1_3,1_3&#8243; _builder_version=&#8221;4.16&#8243; _module_preset=&#8221;default&#8221; global_colors_info=&#8221;{}&#8221;][et_pb_column type=&#8221;1_3&#8243; _builder_version=&#8221;4.16&#8243; _module_preset=&#8221;default&#8221; global_colors_info=&#8221;{}&#8221;][et_pb_blurb title=&#8221;Koduleht, logo disain&#8221; image=&#8221;https:\/\/cryberit.com\/wp-content\/uploads\/CryberIT-Hugoberg.png&#8221; admin_label=&#8221;Skill&#8221; _builder_version=&#8221;4.16&#8243; header_level=&#8221;h6&#8243; header_font=&#8221;Ubuntu|500|||||||&#8221; header_text_color=&#8221;rgba(0,0,0,0.5)&#8221; header_font_size=&#8221;25px&#8221; header_line_height=&#8221;1.4em&#8221; body_font=&#8221;Ubuntu||||||||&#8221; body_text_align=&#8221;justify&#8221; body_text_color=&#8221;#000000&#8243; body_font_size=&#8221;16px&#8221; body_line_height=&#8221;1.8em&#8221; background_color=&#8221;rgba(0,0,0,0)&#8221; text_orientation=&#8221;center&#8221; custom_padding=&#8221;16px||||false|false&#8221; animation_style=&#8221;fade&#8221; animation_duration=&#8221;1400ms&#8221; animation_starting_opacity=&#8221;70%&#8221; animation=&#8221;left&#8221; link_option_url=&#8221;https:\/\/hugoberg.ee\/&#8221; link_option_url_new_window=&#8221;on&#8221; border_color_all=&#8221;#ffffff&#8221; box_shadow_style=&#8221;preset1&#8243; global_colors_info=&#8221;{}&#8221; background__hover_enabled=&#8221;on|hover&#8221; use_background_color_gradient__hover=&#8221;on&#8221; background_color_gradient_start__hover=&#8221;#ffffff&#8221; background_color_gradient_end__hover=&#8221;rgba(0,0,0,0.1)&#8221; background_color_gradient_stops__hover=&#8221;#ffffff 0%|rgba(0,0,0,0.1) 100%&#8221;][\/et_pb_blurb][\/et_pb_column][et_pb_column type=&#8221;1_3&#8243; _builder_version=&#8221;4.16&#8243; _module_preset=&#8221;default&#8221; global_colors_info=&#8221;{}&#8221;][et_pb_blurb title=&#8221;Koduleht, logo disain&#8221; image=&#8221;https:\/\/cryberit.com\/wp-content\/uploads\/CryberIT-renthouse.jpg&#8221; admin_label=&#8221;Skill&#8221; _builder_version=&#8221;4.16&#8243; header_level=&#8221;h6&#8243; header_font=&#8221;Ubuntu|500|||||||&#8221; header_text_color=&#8221;rgba(0,0,0,0.5)&#8221; header_font_size=&#8221;25px&#8221; header_line_height=&#8221;1.4em&#8221; body_font=&#8221;Ubuntu||||||||&#8221; body_text_align=&#8221;justify&#8221; body_text_color=&#8221;#000000&#8243; body_font_size=&#8221;16px&#8221; body_line_height=&#8221;1.8em&#8221; background_color=&#8221;rgba(0,0,0,0)&#8221; text_orientation=&#8221;center&#8221; custom_padding=&#8221;16px||||false|false&#8221; animation_style=&#8221;fade&#8221; animation_duration=&#8221;1400ms&#8221; animation_starting_opacity=&#8221;70%&#8221; animation=&#8221;left&#8221; link_option_url=&#8221;httpss:\/\/renthouse.ee\/&#8221; link_option_url_new_window=&#8221;on&#8221; border_color_all=&#8221;#ffffff&#8221; box_shadow_style=&#8221;preset1&#8243; global_colors_info=&#8221;{}&#8221; background__hover_enabled=&#8221;on|hover&#8221; use_background_color_gradient__hover=&#8221;on&#8221; background_color_gradient_start__hover=&#8221;#ffffff&#8221; background_color_gradient_end__hover=&#8221;rgba(0,0,0,0.1)&#8221; background_color_gradient_stops__hover=&#8221;#ffffff 0%|rgba(0,0,0,0.1) 100%&#8221;][\/et_pb_blurb][\/et_pb_column][et_pb_column type=&#8221;1_3&#8243; _builder_version=&#8221;4.16&#8243; _module_preset=&#8221;default&#8221; global_colors_info=&#8221;{}&#8221;][et_pb_blurb title=&#8221;Koduleht&#8221; image=&#8221;https:\/\/cryberit.com\/wp-content\/uploads\/2020\/09\/CryberIT-Miprax.jpg&#8221; admin_label=&#8221;Skill&#8221; _builder_version=&#8221;4.16&#8243; header_level=&#8221;h6&#8243; header_font=&#8221;Ubuntu|500|||||||&#8221; header_text_color=&#8221;rgba(0,0,0,0.5)&#8221; header_font_size=&#8221;25px&#8221; header_line_height=&#8221;1.4em&#8221; body_font=&#8221;Ubuntu||||||||&#8221; body_text_align=&#8221;justify&#8221; body_text_color=&#8221;#000000&#8243; body_font_size=&#8221;16px&#8221; body_line_height=&#8221;1.8em&#8221; background_color=&#8221;rgba(0,0,0,0)&#8221; text_orientation=&#8221;center&#8221; custom_padding=&#8221;16px||||false|false&#8221; animation_style=&#8221;fade&#8221; animation_duration=&#8221;1400ms&#8221; animation_starting_opacity=&#8221;70%&#8221; animation=&#8221;left&#8221; link_option_url=&#8221;https:\/\/miprax.fi\/&#8221; link_option_url_new_window=&#8221;on&#8221; border_color_all=&#8221;#ffffff&#8221; box_shadow_style=&#8221;preset1&#8243; global_colors_info=&#8221;{}&#8221; background__hover_enabled=&#8221;on|hover&#8221; use_background_color_gradient__hover=&#8221;on&#8221; background_color_gradient_start__hover=&#8221;#ffffff&#8221; background_color_gradient_end__hover=&#8221;rgba(0,0,0,0.1)&#8221; background_color_gradient_stops__hover=&#8221;#ffffff 0%|rgba(0,0,0,0.1) 100%&#8221;][\/et_pb_blurb][\/et_pb_column][\/et_pb_row][et_pb_row column_structure=&#8221;1_3,1_3,1_3&#8243; _builder_version=&#8221;4.16&#8243; _module_preset=&#8221;default&#8221; global_colors_info=&#8221;{}&#8221;][et_pb_column type=&#8221;1_3&#8243; _builder_version=&#8221;4.16&#8243; _module_preset=&#8221;default&#8221; global_colors_info=&#8221;{}&#8221;][et_pb_blurb title=&#8221;E-kauplus&#8221; image=&#8221;https:\/\/cryberit.com\/wp-content\/uploads\/2020\/08\/Cryberit-Blessix.png&#8221; admin_label=&#8221;Skill&#8221; _builder_version=&#8221;4.16&#8243; header_level=&#8221;h6&#8243; header_font=&#8221;Ubuntu|500|||||||&#8221; header_text_color=&#8221;rgba(0,0,0,0.5)&#8221; header_font_size=&#8221;25px&#8221; header_line_height=&#8221;1.4em&#8221; body_font=&#8221;Ubuntu||||||||&#8221; body_text_align=&#8221;justify&#8221; body_text_color=&#8221;#000000&#8243; body_font_size=&#8221;16px&#8221; body_line_height=&#8221;1.8em&#8221; background_color=&#8221;rgba(0,0,0,0)&#8221; text_orientation=&#8221;center&#8221; custom_padding=&#8221;16px||||false|false&#8221; animation_style=&#8221;fade&#8221; animation_duration=&#8221;1400ms&#8221; animation_starting_opacity=&#8221;70%&#8221; animation=&#8221;left&#8221; link_option_url=&#8221;https:\/\/blessix.eu\/&#8221; link_option_url_new_window=&#8221;on&#8221; border_color_all=&#8221;#ffffff&#8221; box_shadow_style=&#8221;preset1&#8243; global_colors_info=&#8221;{}&#8221; background__hover_enabled=&#8221;on|hover&#8221; use_background_color_gradient__hover=&#8221;on&#8221; background_color_gradient_start__hover=&#8221;#ffffff&#8221; background_color_gradient_end__hover=&#8221;rgba(0,0,0,0.1)&#8221; background_color_gradient_stops__hover=&#8221;#ffffff 0%|rgba(0,0,0,0.1) 100%&#8221;][\/et_pb_blurb][\/et_pb_column][et_pb_column type=&#8221;1_3&#8243; _builder_version=&#8221;4.16&#8243; _module_preset=&#8221;default&#8221; global_colors_info=&#8221;{}&#8221;][et_pb_blurb title=&#8221;Koduleht&#8221; image=&#8221;https:\/\/cryberit.com\/wp-content\/uploads\/CryberIT-Sixtina.png&#8221; admin_label=&#8221;Skill&#8221; _builder_version=&#8221;4.16&#8243; header_level=&#8221;h6&#8243; header_font=&#8221;Ubuntu|500|||||||&#8221; header_text_color=&#8221;rgba(0,0,0,0.5)&#8221; header_font_size=&#8221;25px&#8221; header_line_height=&#8221;1.4em&#8221; body_font=&#8221;Ubuntu||||||||&#8221; body_text_align=&#8221;justify&#8221; body_text_color=&#8221;#000000&#8243; body_font_size=&#8221;16px&#8221; body_line_height=&#8221;1.8em&#8221; background_color=&#8221;rgba(0,0,0,0)&#8221; text_orientation=&#8221;center&#8221; custom_padding=&#8221;16px||||false|false&#8221; animation_style=&#8221;fade&#8221; animation_duration=&#8221;1400ms&#8221; animation_starting_opacity=&#8221;70%&#8221; animation=&#8221;left&#8221; link_option_url=&#8221;http:\/\/sixtina.ee\/&#8221; link_option_url_new_window=&#8221;on&#8221; border_color_all=&#8221;#ffffff&#8221; box_shadow_style=&#8221;preset1&#8243; global_colors_info=&#8221;{}&#8221; background__hover_enabled=&#8221;on|hover&#8221; use_background_color_gradient__hover=&#8221;on&#8221; background_color_gradient_start__hover=&#8221;#ffffff&#8221; background_color_gradient_end__hover=&#8221;rgba(0,0,0,0.1)&#8221; background_color_gradient_stops__hover=&#8221;#ffffff 0%|rgba(0,0,0,0.1) 100%&#8221;][\/et_pb_blurb][\/et_pb_column][et_pb_column type=&#8221;1_3&#8243; _builder_version=&#8221;4.16&#8243; _module_preset=&#8221;default&#8221; global_colors_info=&#8221;{}&#8221;][et_pb_blurb title=&#8221;Koduleht&#8221; image=&#8221;https:\/\/cryberit.com\/wp-content\/uploads\/2020\/08\/Cryberit-Kentbuilding.png&#8221; admin_label=&#8221;Skill&#8221; _builder_version=&#8221;4.16&#8243; header_level=&#8221;h6&#8243; header_font=&#8221;Ubuntu|500|||||||&#8221; header_text_color=&#8221;rgba(0,0,0,0.5)&#8221; header_font_size=&#8221;25px&#8221; header_line_height=&#8221;1.4em&#8221; body_font=&#8221;Ubuntu||||||||&#8221; body_text_align=&#8221;justify&#8221; body_text_color=&#8221;#000000&#8243; body_font_size=&#8221;16px&#8221; body_line_height=&#8221;1.8em&#8221; background_color=&#8221;rgba(0,0,0,0)&#8221; text_orientation=&#8221;center&#8221; custom_padding=&#8221;16px||||false|false&#8221; animation_style=&#8221;fade&#8221; animation_duration=&#8221;1400ms&#8221; animation_starting_opacity=&#8221;70%&#8221; animation=&#8221;left&#8221; link_option_url=&#8221;https:\/\/kentbuilding.eu\/&#8221; link_option_url_new_window=&#8221;on&#8221; border_color_all=&#8221;#ffffff&#8221; box_shadow_style=&#8221;preset1&#8243; global_colors_info=&#8221;{}&#8221; background__hover_enabled=&#8221;on|hover&#8221; use_background_color_gradient__hover=&#8221;on&#8221; background_color_gradient_start__hover=&#8221;#ffffff&#8221; background_color_gradient_end__hover=&#8221;rgba(0,0,0,0.1)&#8221; background_color_gradient_stops__hover=&#8221;#ffffff 0%|rgba(0,0,0,0.1) 100%&#8221;][\/et_pb_blurb][\/et_pb_column][\/et_pb_row][\/et_pb_section]<\/p>\n","protected":false},"excerpt":{"rendered":"<p>Tutvu meie tehtud t\u00f6\u00f6dega M\u00f5ningad n\u00e4ited CryberITi loodud projektidest.<\/p>","protected":false},"author":1,"featured_media":0,"parent":0,"menu_order":0,"comment_status":"closed","ping_status":"closed","template":"","meta":{"_et_pb_use_builder":"on","_et_pb_old_content":"","_et_gb_content_width":"","footnotes":""},"class_list":["post-3764","page","type-page","status-publish","hentry"],"yoast_head":"<!-- This site is optimized with the Yoast SEO plugin v27.4 - https:\/\/yoast.com\/product\/yoast-seo-wordpress\/ -->\n<title>Tehtud t\u00f6\u00f6d - CryberIT<\/title>\n<meta name=\"robots\" content=\"index, follow, max-snippet:-1, max-image-preview:large, max-video-preview:-1\" \/>\n<link rel=\"canonical\" href=\"https:\/\/cryberit.com\/en\/tehtud-tood\/\" \/>\n<meta property=\"og:locale\" content=\"en_US\" \/>\n<meta property=\"og:type\" content=\"article\" \/>\n<meta property=\"og:title\" content=\"Tehtud t\u00f6\u00f6d - CryberIT\" \/>\n<meta property=\"og:description\" content=\"Tutvu meie tehtud t\u00f6\u00f6dega M\u00f5ningad n\u00e4ited CryberITi loodud projektidest.\" \/>\n<meta property=\"og:url\" content=\"https:\/\/cryberit.com\/en\/tehtud-tood\/\" \/>\n<meta property=\"og:site_name\" content=\"CryberIT\" \/>\n<meta property=\"article:publisher\" content=\"https:\/\/www.facebook.com\/CryberIT\/\" \/>\n<meta property=\"article:modified_time\" content=\"2022-09-04T12:22:03+00:00\" \/>\n<meta name=\"twitter:card\" content=\"summary_large_image\" \/>\n<meta name=\"twitter:site\" content=\"@CryberIT\" \/>\n<meta name=\"twitter:label1\" content=\"Est. reading time\" \/>\n\t<meta name=\"twitter:data1\" content=\"8 minutes\" \/>\n<script type=\"application\/ld+json\" class=\"yoast-schema-graph\">{\"@context\":\"https:\\\/\\\/schema.org\",\"@graph\":[{\"@type\":\"WebPage\",\"@id\":\"https:\\\/\\\/cryberit.com\\\/tehtud-tood\",\"url\":\"https:\\\/\\\/cryberit.com\\\/tehtud-tood\",\"name\":\"Tehtud t\u00f6\u00f6d - CryberIT\",\"isPartOf\":{\"@id\":\"https:\\\/\\\/cryberit.com\\\/#website\"},\"datePublished\":\"2021-01-31T17:20:35+00:00\",\"dateModified\":\"2022-09-04T12:22:03+00:00\",\"breadcrumb\":{\"@id\":\"https:\\\/\\\/cryberit.com\\\/tehtud-tood#breadcrumb\"},\"inLanguage\":\"en-US\",\"potentialAction\":[{\"@type\":\"ReadAction\",\"target\":[\"https:\\\/\\\/cryberit.com\\\/tehtud-tood\"]}]},{\"@type\":\"BreadcrumbList\",\"@id\":\"https:\\\/\\\/cryberit.com\\\/tehtud-tood#breadcrumb\",\"itemListElement\":[{\"@type\":\"ListItem\",\"position\":1,\"name\":\"Home\",\"item\":\"https:\\\/\\\/cryberit.com\\\/en\\\/\"},{\"@type\":\"ListItem\",\"position\":2,\"name\":\"Tehtud t\u00f6\u00f6d\"}]},{\"@type\":\"WebSite\",\"@id\":\"https:\\\/\\\/cryberit.com\\\/#website\",\"url\":\"https:\\\/\\\/cryberit.com\\\/\",\"name\":\"CryberIT\",\"description\":\"VEEBIDISAIN\",\"potentialAction\":[{\"@type\":\"SearchAction\",\"target\":{\"@type\":\"EntryPoint\",\"urlTemplate\":\"https:\\\/\\\/cryberit.com\\\/?s={search_term_string}\"},\"query-input\":{\"@type\":\"PropertyValueSpecification\",\"valueRequired\":true,\"valueName\":\"search_term_string\"}}],\"inLanguage\":\"en-US\"}]}<\/script>\n<!-- \/ Yoast SEO plugin. -->","yoast_head_json":{"title":"Tehtud t\u00f6\u00f6d - CryberIT","robots":{"index":"index","follow":"follow","max-snippet":"max-snippet:-1","max-image-preview":"max-image-preview:large","max-video-preview":"max-video-preview:-1"},"canonical":"https:\/\/cryberit.com\/en\/tehtud-tood\/","og_locale":"en_US","og_type":"article","og_title":"Tehtud t\u00f6\u00f6d - CryberIT","og_description":"Tutvu meie tehtud t\u00f6\u00f6dega M\u00f5ningad n\u00e4ited CryberITi loodud projektidest.","og_url":"https:\/\/cryberit.com\/en\/tehtud-tood\/","og_site_name":"CryberIT","article_publisher":"https:\/\/www.facebook.com\/CryberIT\/","article_modified_time":"2022-09-04T12:22:03+00:00","twitter_card":"summary_large_image","twitter_site":"@CryberIT","twitter_misc":{"Est. reading time":"8 minutes"},"schema":{"@context":"https:\/\/schema.org","@graph":[{"@type":"WebPage","@id":"https:\/\/cryberit.com\/tehtud-tood","url":"https:\/\/cryberit.com\/tehtud-tood","name":"Tehtud t\u00f6\u00f6d - CryberIT","isPartOf":{"@id":"https:\/\/cryberit.com\/#website"},"datePublished":"2021-01-31T17:20:35+00:00","dateModified":"2022-09-04T12:22:03+00:00","breadcrumb":{"@id":"https:\/\/cryberit.com\/tehtud-tood#breadcrumb"},"inLanguage":"en-US","potentialAction":[{"@type":"ReadAction","target":["https:\/\/cryberit.com\/tehtud-tood"]}]},{"@type":"BreadcrumbList","@id":"https:\/\/cryberit.com\/tehtud-tood#breadcrumb","itemListElement":[{"@type":"ListItem","position":1,"name":"Home","item":"https:\/\/cryberit.com\/en\/"},{"@type":"ListItem","position":2,"name":"Tehtud t\u00f6\u00f6d"}]},{"@type":"WebSite","@id":"https:\/\/cryberit.com\/#website","url":"https:\/\/cryberit.com\/","name":"CryberIT","description":"WEB DESIGN","potentialAction":[{"@type":"SearchAction","target":{"@type":"EntryPoint","urlTemplate":"https:\/\/cryberit.com\/?s={search_term_string}"},"query-input":{"@type":"PropertyValueSpecification","valueRequired":true,"valueName":"search_term_string"}}],"inLanguage":"en-US"}]}},"_links":{"self":[{"href":"https:\/\/cryberit.com\/en\/wp-json\/wp\/v2\/pages\/3764","targetHints":{"allow":["GET"]}}],"collection":[{"href":"https:\/\/cryberit.com\/en\/wp-json\/wp\/v2\/pages"}],"about":[{"href":"https:\/\/cryberit.com\/en\/wp-json\/wp\/v2\/types\/page"}],"author":[{"embeddable":true,"href":"https:\/\/cryberit.com\/en\/wp-json\/wp\/v2\/users\/1"}],"replies":[{"embeddable":true,"href":"https:\/\/cryberit.com\/en\/wp-json\/wp\/v2\/comments?post=3764"}],"version-history":[{"count":10,"href":"https:\/\/cryberit.com\/en\/wp-json\/wp\/v2\/pages\/3764\/revisions"}],"predecessor-version":[{"id":3865,"href":"https:\/\/cryberit.com\/en\/wp-json\/wp\/v2\/pages\/3764\/revisions\/3865"}],"wp:attachment":[{"href":"https:\/\/cryberit.com\/en\/wp-json\/wp\/v2\/media?parent=3764"}],"curies":[{"name":"wp","href":"https:\/\/api.w.org\/{rel}","templated":true}]}}